{"id":998,"date":"2023-02-09T20:39:43","date_gmt":"2023-02-09T20:39:43","guid":{"rendered":"https:\/\/dansk.ninja\/?page_id=998"},"modified":"2025-05-08T12:33:45","modified_gmt":"2025-05-08T12:33:45","slug":"arbejde","status":"publish","type":"page","link":"https:\/\/dansk.ninja\/index.php\/arbejde\/","title":{"rendered":"Arbejde"},"content":{"rendered":"\n<h3 class=\"wp-block-heading\">Job\/sted<\/h3>\n\n\n\n<p>Hvor arbejder du?<\/p>\n\n\n\n<p>Hvor ligger din arbejdsplads?<\/p>\n\n\n\n<h3 class=\"wp-block-heading\">Dage\/tid<\/h3>\n\n\n\n<p>Hvor mange dage om ugen arbejder du?<\/p>\n\n\n\n<p>Hvor tit arbejder du?<\/p>\n\n\n\n<p>Hvad tid m\u00f8der du?<\/p>\n\n\n\n<p>Hvad tid har du fri?<\/p>\n\n\n\n<p>Hvad er dine m\u00f8detider?<\/p>\n\n\n\n<p>Hvilke dage arbejder du?<\/p>\n\n\n\n<p>Hvor l\u00e6nge har du v\u00e6ret ansat? <\/p>\n\n\n\n<p>Hvor l\u00e6nge har du arbejdet der? <\/p>\n\n\n\n<h3 class=\"wp-block-heading\">Chef<\/h3>\n\n\n\n<p>Hvordan er din chef?<\/p>\n\n\n\n<p>Har du en god chef?<\/p>\n\n\n\n<p>Hj\u00e6lper din chef dig?<\/p>\n\n\n\n<h3 class=\"wp-block-heading\">Kollegaer<\/h3>\n\n\n\n<p>Har du kolleger?<\/p>\n\n\n\n<p>Arbejder du alene eller sammen med nogen?<\/p>\n\n\n\n<p>Hvor mange kollegaer har du?<\/p>\n\n\n\n<p>Hvad hedder dine kollegaer?<\/p>\n\n\n\n<p>Hvor kommer dine kollegaer fra?<\/p>\n\n\n\n<p>Hvad sprog taler du med dine kollegaer?<\/p>\n\n\n\n<h3 class=\"wp-block-heading\">Pauser<\/h3>\n\n\n\n<p>Har du en pause?<\/p>\n\n\n\n<p>Holder du pause?<\/p>\n\n\n\n<p>Hvor lang er din pause?<\/p>\n\n\n\n<p>Hvad laver du i pausen?<\/p>\n\n\n\n<h3 class=\"wp-block-heading\">Transport til arbejde<\/h3>\n\n\n\n<p>Hvordan kommer du p\u00e5 arbejde?<\/p>\n\n\n\n<p>Tager du bussen p\u00e5 arbejde?<\/p>\n\n\n\n<p>K\u00f8rer du i bil?<\/p>\n\n\n\n<p>Cykler du?<\/p>\n\n\n\n<p>Hvor lang tid tager det?<\/p>\n\n\n\n<p><\/p>\n","protected":false},"excerpt":{"rendered":"<p>Job\/sted Hvor arbejder du? Hvor ligger din arbejdsplads? Dage\/tid Hvor mange dage om ugen arbejder du? Hvor tit arbejder du? Hvad tid m\u00f8der du? Hvad tid har du fri? Hvad er dine m\u00f8detider? Hvilke dage arbejder du? Hvor l\u00e6nge har du v\u00e6ret ansat? Hvor l\u00e6nge har du arbejdet der? Chef Hvordan er din chef? Har&hellip; <a class=\"more-link\" href=\"https:\/\/dansk.ninja\/index.php\/arbejde\/\">L\u00e6s mere <span class=\"screen-reader-text\">Arbejde<\/span><\/a><\/p>\n","protected":false},"author":2,"featured_media":0,"parent":0,"menu_order":0,"comment_status":"closed","ping_status":"closed","template":"","meta":{"inline_featured_image":false,"footnotes":""},"class_list":["post-998","page","type-page","status-publish","hentry","entry"],"_links":{"self":[{"href":"https:\/\/dansk.ninja\/index.php\/wp-json\/wp\/v2\/pages\/998","targetHints":{"allow":["GET"]}}],"collection":[{"href":"https:\/\/dansk.ninja\/index.php\/wp-json\/wp\/v2\/pages"}],"about":[{"href":"https:\/\/dansk.ninja\/index.php\/wp-json\/wp\/v2\/types\/page"}],"author":[{"embeddable":true,"href":"https:\/\/dansk.ninja\/index.php\/wp-json\/wp\/v2\/users\/2"}],"replies":[{"embeddable":true,"href":"https:\/\/dansk.ninja\/index.php\/wp-json\/wp\/v2\/comments?post=998"}],"version-history":[{"count":12,"href":"https:\/\/dansk.ninja\/index.php\/wp-json\/wp\/v2\/pages\/998\/revisions"}],"predecessor-version":[{"id":49316,"href":"https:\/\/dansk.ninja\/index.php\/wp-json\/wp\/v2\/pages\/998\/revisions\/49316"}],"wp:attachment":[{"href":"https:\/\/dansk.ninja\/index.php\/wp-json\/wp\/v2\/media?parent=998"}],"curies":[{"name":"wp","href":"https:\/\/api.w.org\/{rel}","templated":true}]}}