{"id":938,"date":"2023-01-26T19:56:36","date_gmt":"2023-01-26T19:56:36","guid":{"rendered":"https:\/\/dansk.ninja\/?page_id=938"},"modified":"2023-03-01T22:05:20","modified_gmt":"2023-03-01T22:05:20","slug":"prinsessen-paa-aerten","status":"publish","type":"page","link":"https:\/\/dansk.ninja\/index.php\/tekster\/h-c-andersen\/prinsessen-paa-aerten\/","title":{"rendered":"Prinsessen p\u00e5 \u00e6rten"},"content":{"rendered":"\n<p>Et eventyr af Hans Christian Andersen<\/p>\n\n\n\n<figure class=\"wp-block-audio\"><audio controls src=\"https:\/\/dansk.ninja\/wp-content\/uploads\/2023\/01\/PrinsessenPaaAerten.wav\"><\/audio><figcaption class=\"wp-element-caption\">Audio: &#8220;Prinsessen p\u00e5 \u00e6rten&#8221; af H. C. Andersen<\/figcaption><\/figure>\n\n\n\n<p>Der var engang en prins; han ville have sig en prinsesse, men det skulle v\u00e6re en rigtig prinsesse. S\u00e5 rejste han hele verden rundt, for at finde s\u00e5dan en, men alle vegne var der noget i vejen, prinsesser var der nok af, men om det var rigtige prinsesser, kunne han ikke finde ud af, for der var altid noget, som ikke var helt rigtigt. S\u00e5 tog han hjem igen og var s\u00e5 bedr\u00f8vet, for han ville s\u00e5 gerne have en virkelig prinsesse.<\/p>\n\n\n\n<p>En aften blev det s\u00e5 et frygteligt vejr; det lynede og tordnede, regnen skyllede ned, det var ganske forf\u00e6rdeligt! S\u00e5 bankede det p\u00e5 byens port, og den gamle konge gik hen for at lukke op.<\/p>\n\n\n\n<p>Det var en prinsesse, som stod udenfor. Men gud hvor hun s\u00e5 ud af regnen og det onde vejr! Vandet l\u00f8b ned ad hendes h\u00e5r og hendes kl\u00e6der, og det l\u00f8b ind ad n\u00e6sen p\u00e5 skoen og ud ad h\u00e6len, og s\u00e5 sagde hun, at hun var en virkelig prinsesse.<\/p>\n\n\n\n<p>&#8220;Ja, det skal vi nok f\u00e5 at vide!&#8221; t\u00e6nkte den gamle dronning, men hun sagde ikke noget, gik ind i sovekammeret, tog alle sengekl\u00e6derne af og lagde en \u00e6rt p\u00e5 bunden af sengen, derp\u00e5 tog hun tyve madrasser, lagde dem oven p\u00e5 \u00e6rten, og s\u00e5 endnu tyve edderdunsdyner oven p\u00e5 madrasserne.<\/p>\n\n\n\n<p>D\u00e9r skulle prinsessen nu ligge om natten.<\/p>\n\n\n\n<p>Om morgenen spurgte de hende, hvorledes hun havde sovet.<\/p>\n\n\n\n<p>&#8220;Oh forf\u00e6rdeligt d\u00e5rligt!&#8221; sagde prinsessen, &#8220;jeg har n\u00e6sten ikke lukket mine \u00f8jne hele natten! Gud ved, hvad der har v\u00e6ret i sengen? Jeg har ligget p\u00e5 noget h\u00e5rdt, s\u00e5 jeg er helt gul og bl\u00e5 over hele min krop! Det er ganske forf\u00e6rdeligt!&#8221;<\/p>\n\n\n\n<p>S\u00e5 kunne de se, at det var en rigtig prinsesse, da hun gennem de tyve madrasser og de tyve edderdunsdyner havde m\u00e6rket \u00e6rten. S\u00e5 \u00f8mskindet kunne ingen v\u00e6re, bortset fra en virkelig prinsesse.<\/p>\n\n\n\n<p>Prinsen tog hende da til kone, for nu vidste han, at han havde en rigtig prinsesse, og \u00e6rten kom p\u00e5 museum, hvor den endnu kan ses, hvis ingen har taget den.<\/p>\n\n\n\n<p>Se, det var en rigtig historie!<\/p>\n","protected":false},"excerpt":{"rendered":"<p>Et eventyr af Hans Christian Andersen Der var engang en prins; han ville have sig en prinsesse, men det skulle v\u00e6re en rigtig prinsesse. S\u00e5 rejste han hele verden rundt, for at finde s\u00e5dan en, men alle vegne var der noget i vejen, prinsesser var der nok af, men om det var rigtige prinsesser, kunne&hellip; <a class=\"more-link\" href=\"https:\/\/dansk.ninja\/index.php\/tekster\/h-c-andersen\/prinsessen-paa-aerten\/\">L\u00e6s mere <span class=\"screen-reader-text\">Prinsessen p\u00e5 \u00e6rten<\/span><\/a><\/p>\n","protected":false},"author":1,"featured_media":0,"parent":943,"menu_order":0,"comment_status":"closed","ping_status":"closed","template":"","meta":{"inline_featured_image":false,"footnotes":""},"class_list":["post-938","page","type-page","status-publish","hentry","entry"],"_links":{"self":[{"href":"https:\/\/dansk.ninja\/index.php\/wp-json\/wp\/v2\/pages\/938","targetHints":{"allow":["GET"]}}],"collection":[{"href":"https:\/\/dansk.ninja\/index.php\/wp-json\/wp\/v2\/pages"}],"about":[{"href":"https:\/\/dansk.ninja\/index.php\/wp-json\/wp\/v2\/types\/page"}],"author":[{"embeddable":true,"href":"https:\/\/dansk.ninja\/index.php\/wp-json\/wp\/v2\/users\/1"}],"replies":[{"embeddable":true,"href":"https:\/\/dansk.ninja\/index.php\/wp-json\/wp\/v2\/comments?post=938"}],"version-history":[{"count":3,"href":"https:\/\/dansk.ninja\/index.php\/wp-json\/wp\/v2\/pages\/938\/revisions"}],"predecessor-version":[{"id":942,"href":"https:\/\/dansk.ninja\/index.php\/wp-json\/wp\/v2\/pages\/938\/revisions\/942"}],"up":[{"embeddable":true,"href":"https:\/\/dansk.ninja\/index.php\/wp-json\/wp\/v2\/pages\/943"}],"wp:attachment":[{"href":"https:\/\/dansk.ninja\/index.php\/wp-json\/wp\/v2\/media?parent=938"}],"curies":[{"name":"wp","href":"https:\/\/api.w.org\/{rel}","templated":true}]}}