{"id":252,"date":"2022-09-09T16:20:38","date_gmt":"2022-09-09T16:20:38","guid":{"rendered":"https:\/\/test.dansk.ninja\/?page_id=252"},"modified":"2022-09-09T16:20:38","modified_gmt":"2022-09-09T16:20:38","slug":"bo-og-far-paa-ferie","status":"publish","type":"page","link":"https:\/\/dansk.ninja\/index.php\/bo-og-far-paa-ferie\/","title":{"rendered":"Bo og far p\u00e5 ferie"},"content":{"rendered":"\n<p>Bo og far p\u00e5 ferie<\/p>\n\n\n\n<p>Id\u00e9 til l\u00e6sebog til 1. klasse. Man skal f\u00f8rst lytte til en tekst (lydfil eller voksen der l\u00e6ser h\u00f8jt). Bagefter skal man l\u00e6se lidt selv, og s\u00e5 skal man lytte igen. Der kommer ogs\u00e5 en opgavebog.<\/p>\n\n\n\n<p>Bo er en dreng p\u00e5 7 \u00e5r, der elsker at rede sit h\u00e5r.<\/p>\n\n\n\n<p>Ib er Bos hund. Han er en hundehvalp og en gravhund. Ib er brun med sorte pletter.<\/p>\n\n\n\n<p>Bos far er fra Honduras, og hans mor er dansker.<\/p>\n\n\n\n<p>Bo er en stille dreng henne i skolen og n\u00e5r han er ude, men derhjemme er han en rigtig bulderbasse.<\/p>\n\n\n\n<p>Bo har en stores\u00f8ster, der hedder Nana. Hun er 11 \u00e5r og driller tit Bo.<\/p>\n\n\n\n<p>Bo har ogs\u00e5 en lilles\u00f8ster, der hedder Kika &#8211; hun er 3 \u00e5r gammel og g\u00e5r i b\u00f8rnehave.<\/p>\n\n\n\n<p>I \u201cBo og Ib er p\u00e5 ferie\u201d skal familien til Honduras, men lilles\u00f8ster Kika bliver syg med corona og m\u00e5 blive hjemme sammen med mor. Vi h\u00f8rer om familiens problemer, de st\u00f8der ind i p\u00e5 rejsen. Mon Bo og Ib kan klare det?<\/p>\n\n\n\n<p>Kapitel 1: Bos kam er v\u00e6k!<\/p>\n\n\n\n<p>Lytte-udgave (eks.):<\/p>\n\n\n\n<p>Da familien kommer ud i lufthavnen, opdager Bo, at hans kam er v\u00e6k.<\/p>\n\n\n\n<p>L\u00e6se-udgave (eks.):<\/p>\n\n\n\n<p>Familien kommer til lufthavnen. Det er en stor lufthavn. Bo kan m\u00e6rke at han mangler noget. Han mangler sin kam. Hans elskede gule kam er v\u00e6k.&nbsp;<\/p>\n\n\n\n<p>Han bliver forf\u00e6rdet, fordi Bos kam er hans k\u00e6reste eje. Bo og Ib g\u00e5r p\u00e5 jagt i hele lufthavnen efter Bos kam. De leder i butikkerne og nede i gamle damers tasker, og i store potteplanter. Ib snuser sig frem allevegne. Lige da de to venner var ved at give op og vendte tilbage det sted, hvor far og Nana sad og ventede, fik Ib pludselig f\u00e6rten af noget. Ib sniffede og prustede, og pludselig havde han snuden nede i Nanas kuffert og der, midt mellem hendes h\u00e5rb\u00e5nd og Anders And-plade l\u00e5 det, som Bo havde savnet s\u00e5 utrolig meget. Hans dejlige gule kam!!!&nbsp;<\/p>\n\n\n\n<p>Far! Nana har gemt min kam for mig, og vi har ledt i hele lufthavnen! Faren gryntede lidt og sagde \u201cja, ja min dreng, det er godt min dreng\u201d. Far! Du h\u00f8rer ikke efter! Hov unger lad os se at komme afsted, vores fly letter snart. Ha, ha, snothvalp, s\u00e5 kan du l\u00e6re, det! Sagde Nana totalt provokerende. Bo kunne m\u00e6rke, at det ville blive en rigtig lang ferie.<\/p>\n\n\n\n<p>Kapitel 2: Av det g\u00f8r ondt!<\/p>\n\n\n\n<p>Nana har meget ondt i \u00f8rerne. S\u00e5 ondt, at hun n\u00e6sten besvimer, p\u00e5 grund af lufttrykket. Far har glemt at k\u00f8be tyggegummi, og han er meget ked af det. Han er ked af det, fordi Nana har ondt, og det er hans skyld. Bo laver ansigter ad Nana mens han griner. Men Nana griner ikke, for hun har ondt. Ib holder sig for \u00f8jnene og piver, fordi han synes, at det er synd for Nana. Bo fort\u00e6ller Nana vittigheder for at g\u00f8re hende glad igen, men Nana griner stadig ikke. Det er umuligt at grine ad noget, n\u00e5r man har s\u00e5 ondt. Men s\u00e5 finder Bo et stykke tyggegummi i sin rygs\u00e6k. Det er hans sidste stykke, og det giver han til Nana. Hun siger tak og det holder op med at g\u00f8re ondt. Men hun holder ikke op med at drille.<\/p>\n\n\n\n<p>Kapitel 3: Fars pung er v\u00e6k!<\/p>\n\n\n\n<p>Familien kommer til en trope\u00f8 i Honduras. De skal bo p\u00e5 et hotel. Far skal betale for hotellet, men det kan han ikke. Fordi hans pung er v\u00e6k. Han tror, at han m\u00e5ske har glemt den i taxaen. Nu er far virkelig bekymret. Men pungen er ikke v\u00e6k. Ib har fars pung. Ib m\u00e5 have samlet den op, da far tabte pungen i taxaen. Far bliver utrolig&nbsp; glad. Familien spiser p\u00e5 restaurant til aftensmad. Far k\u00f8ber en stor og saftig b\u00f8f til Ib. Far k\u00f8ber is til dem alle.<\/p>\n\n\n\n<p>Kapitel 4: Farmor og farfar<\/p>\n\n\n\n<p>Bo og Ib stod op og v\u00e6kkede far og Nana. Det var tidligt klokken halv syv om morgenen. Men det var allerede bagende varmt. Solen skinnede p\u00e5 havet og der fl\u00f8j pelikaner rundt blandt palmerne p\u00e5 stranden. Familien spiste morgenmad i hotellets restaurant. Der var spansk musik og en venlig tjener. Pludselig kunne Bo se en \u00e6ldre dame og en \u00e6ldre mand, der vinkede til dem. Han var bange for, at det var nogle tyve. M\u00e5ske ville de stj\u00e6le deres morgenmad. \u201cHola, hola familia\u201d sagde de. Det betyder \u201chej, hej familie!\u201d p\u00e5 spansk. Det var Bo og Nanas farmor og farfar, som boede p\u00e5 en g\u00e5rd i n\u00e6rheden. De kom og satte sig ved deres bord, og far talte meget hurtigt og meget l\u00e6nge p\u00e5 spansk med dem. Bo kunne godt forst\u00e5 spansk. Men Bo var ikke s\u00e5 glad for selv at tale p\u00e5 spansk.<\/p>\n\n\n\n<p>Kapitel 5: Haciendaen<\/p>\n\n\n\n<p>Farmor og farfar inviterer Bo og hans familie ud til deres hacienda. En hacienda er en g\u00e5rd p\u00e5 spansk. De k\u00f8rer i farmor og farfars traktor. Det er en stor, gammel, r\u00f8d traktor med lad. Bo og Ib sidder p\u00e5 ladet sammen med Nana. Far sidder foran sammen med de voksne. Turen er sp\u00e6ndende, selvom det g\u00e5r meget langsomt. En traktor kan ikke k\u00f8re s\u00e6rlig hurtigt. De k\u00f8rer forbi marker med mange forskellige planter. Der er aNanas-marker, banan-marker, sukkerr\u00f8rsmarker og majsmarker. Markerne er s\u00e5 store, at de forts\u00e6tter s\u00e5 langt \u00f8jet kan se. Bo synes at det er en smuk tur og Ib logrer tilfreds med halen. Ude p\u00e5 haciendaen viser farfar rundt. De kommer rundt og ser p\u00e5 alle dyrene: h\u00f8ns, grise, \u00e6sler, f\u00e5r, en kat og en papeg\u00f8je. De ser ogs\u00e5 farfars have med mange smukke blomster og h\u00f8je palmetr\u00e6er. Der er ogs\u00e5 bananplanter med k\u00e6mpestore bananklaser. Snart er det tid til at spise frokost, og farmor har grillet nogle dejlige b\u00f8ffer, som de f\u00e5r med majspandekager og guacamole til. L\u00e6kkert! Bo og Ib g\u00e5r p\u00e5 opdagelse i haven, staldene og de mange gange og kroge p\u00e5 haciendaen. Da det er ved at blive m\u00f8rkt skal familien tilbage til hotellet. Farmor ringer efter en taxa og Bo og Nana og far siger tusind tak for en dejlig dag, og de vil meget gerne komme igen en anden dag.<\/p>\n\n\n\n<p>Kapitel 6: Solskoldet!<\/p>\n\n\n\n<p>Bo spurgte far om de kunne tage p\u00e5 stranden. Far sagde ja og s\u00e5 tog de ned til vandet. De tog mange ting med. De havde store h\u00e5ndkl\u00e6der til at ligge p\u00e5, de havde vandflasker med koldt vand og en k\u00f8letaske med sandwiches, vindruer og juice. De havde ogs\u00e5 solbriller, sv\u00f8mmef\u00f8dder og selvf\u00f8lgelig solcreme med. Nana skulle lige til at sm\u00f8re sig ind i solcreme for at undg\u00e5 at blive solskoldet. Men s\u00e5 opdagede hun, at det ikke var solcreme der var i flasken men h\u00e5ndcreme. Aj, far! Du har pakket h\u00e5ndcreme i stedet for solcreme! Nu bliver vi alle sammen solskoldede. N\u00e5 ja, naj ja, bare rolig unger. Solen er ikke s\u00e5 st\u00e6rk her &#8211; jeg tror ikke at vi beh\u00f8ver solcreme. Det er ogs\u00e5 tidligt p\u00e5 dagen s\u00e5 solen st\u00e5r ikke s\u00e5 h\u00f8jt p\u00e5 himlen. Nana var ikke overbevist men Bo kunne godt lide fars ide. Fordi Bo hadede at f\u00e5 solcreme p\u00e5, og nu beh\u00f8vede han ikke at blive klistret over hele kroppen og p\u00e5 fingrene. Familien blev l\u00e6nge p\u00e5 stranden. Bo legede med Ib i sandet, og badede s\u00e5 dejligt i de lune b\u00f8lger. Nana l\u00e5 i skyggen af et palmetr\u00e6 og lyttede til musik. Hun sagde, at hun ikke ville v\u00e6re solskoldet. Far l\u00e5 ude i solen og l\u00e6ste i en bog. Om eftermiddagen gik familien tilbage til hotellet. De skulle m\u00f8des nede i restauranten til aftensmad. Men Nana sad i restauranten og ventede p\u00e5 Bo og far. De kom ikke. S\u00e5 gik hun op p\u00e5 v\u00e6relset og fandt Bo og far i sengen. De l\u00e5 p\u00e5 maven og \u00f8mmede sig. Hvad er der galt med jer? I ligner kogte hummere p\u00e5 ryggen. Vi er blev solskoldet! Sagde Bo og far i kor. Det g\u00f8r virkelig ondt! Nana lo og sagde, \u201cdet sagde jeg jo!\u201d Man bliver solskoldet n\u00e5r man ligger i solen uden solcreme! Jeg har h\u00f8rt at yougurt skulle hj\u00e6lpe sagde hun og lo igen.<\/p>\n\n\n\n<p>Kapitel 7: En larmende slapperdag<\/p>\n\n\n\n<p>N\u00e6ste dag v\u00e5gnede familien af en h\u00f8j brummende, dunkende, \u00f8res\u00f8nderrivende larmelyd. Far r\u00e5bte til Bo igennem larmen: \u201cHvad er det for en forf\u00e6rdelig st\u00f8j?!?!\u201d. Bo rystede p\u00e5 hovedet til far, som for at sige \u201cjeg ved det ikke\u201d. Bo gik ud p\u00e5 hotelv\u00e6relsets balkon og kiggede op, for at unders\u00f8ge, hvad der foregik. Men der var ikke noget at se. Far og Bo gik ud p\u00e5 gangen og fandt elevatoren. De trykkede p\u00e5 knappen \u201cop\u201d, og s\u00e5 ventede de. Og de ventede. Men elevatoren kom slet ikke. \u201cFar, jeg tror den er i stykker\u201d sagde Bo til far. Far sagde, at de m\u00e5tte finde trapperne, og s\u00e5 gik de hen ad gangen for at finde brandtrappen. Der var et skilt med et billede af en trappe, og d\u00f8ren var meget tung, og den faldt i med et h\u00f8jt brag. Far virkede irriteret, for han var stadig tr\u00e6t af at v\u00e6re blevet v\u00e6kket s\u00e5 tidligt. Da Bo og far kom op p\u00e5 etagen ovenover, kun de h\u00f8re den larmende dunkende lyd, og den blev h\u00f8jere og h\u00f8jere, indtil den begyndte at blive lavere igen. S\u00e5 gik de tilbage til den d\u00f8r, hvor lyden var h\u00f8jest. Far mente, at lyden m\u00e5tte komme inde fra dette hotelv\u00e6relse. Det var nummer 167. Far bankede p\u00e5 d\u00f8ren, og der kom en lille mand med st\u00f8vet t\u00f8j og en tyk mave til syne i d\u00f8ren. Han kl\u00f8ede sig i numsen og kiggede sp\u00f8rgende p\u00e5 Bo og far. \u201cHvad er det for en forf\u00e6rdelig larm I laver? I v\u00e6kker jo hele hotellet!\u201d sagde far til den forvirrede, st\u00f8vede mand. Manden svarede noget der l\u00f8d meget irriteret, og r\u00e5bende og meget hurtigt. Far svarede pludselig lige s\u00e5 hurtigt og r\u00e5bende og irriteret som manden, og der gik nogle minutter hvor de stod s\u00e5dan og n\u00e6rmest r\u00e5bte ad hinanden. Pludselig vendte far om og gik og manden sm\u00e6kkede d\u00f8ren i. \u201cKom min dreng &#8211; vi g\u00e5r tilbage til v\u00e6relset\u201d sagde far. \u201cJamen hvad s\u00e5 med larmen?\u201d spurgte Bo. Den kan vi ikke g\u00f8re noget ved. M\u00e6ndene er i gang med at lave nyt badev\u00e6relse i nummer 167. Men de er nok snart f\u00e6rdige\u201d. Resten af dagen gik med at sv\u00f8mme i poolen og drikke mango-juice og spise kokosn\u00f8dder.&nbsp;<\/p>\n\n\n\n<p>Kapitel 8: Dykkertur<\/p>\n\n\n\n<p>Bo siger til far \u2018skal vi ikke ud at dykke i dag?\u2019 Det er jo godt vejr s\u00e5 der m\u00e5 v\u00e6re masser af fisk at kigge p\u00e5, og jeg har jo aldrig v\u00e6ret p\u00e5 dykkertur\u2019<\/p>\n\n\n\n<p>Far kl\u00f8r sig i h\u00e5ret og ser tvivlende p\u00e5 Bo \u2018\u00f8h, det ved jeg nu ikke rigtig\u2019. \u2018Kan vi ikke spiller r\u00f8vhul her ved poolen og drikke kolde \u00f8l?\u2019 siger far med et afslappet smil.<\/p>\n\n\n\n<p>\u2018Nej!! far, jeg drikker jo ikke \u00f8l, og desuden skal vi ud og r\u00f8re os i dag. Og s\u00e5 kan vi jo liges\u00e5 godt g\u00f8re det under vandet!\u2019<\/p>\n\n\n\n<p>Far kl\u00f8r sig i h\u00e5ret for 17. gang, og siger modstr\u00e6bende \u2018ja okay Bo, god pointe\u2019.<\/p>\n\n\n\n<p>Efter morgenmaden pakkede de deres madpakker og gummist\u00f8vler, fordi far ville ikke have v\u00e5de f\u00f8dder, og s\u00e5 tog de ned til stranden for at finde et godt sted at dykke. De stod et stykke tid og spejdede ud over vandet, men der var ikke en dykkermaske i syne.<\/p>\n\n\n\n<p>\u2018Far, jeg er alts\u00e5 rimelig sikker p\u00e5 at man skal kontakte et firma, der kan l\u00e6re en at dykke, n\u00e5r man aldrig har pr\u00f8vet det f\u00f8r\u2019 sagde Bo mens han kiggede nerv\u00f8st p\u00e5 far. \u2018Ahr det er alts\u00e5 alt for dyrt, Bo. Vi kan da sagtens l\u00e6re det selv. Vi skal bare hen i den der sourvenirbutik og k\u00f8be nogle dykkermasker til en 10\u2019er\u2019 sagde far og hev Bo med ned imod butikken.&nbsp;<\/p>\n\n\n\n<p>Da de havde k\u00f8bt udstyr for 50 kr. og taget det p\u00e5 gjorde de sig klar til at dykke ned under vandet. Far s\u00e5 en orange og sort-stribet fisk og mente at den hed en Nemo-fisk, men Bo vidste at det var den giftige dragefisk, og gjorde tegn til far om ikke r\u00f8re ved den. Men far skulle absolut have en undervandsselfie sammen med dragefisken og s\u00e5 gik det galt &#8230; Far blev stukket i ribbenene af de sylespidse pigge, og s\u00e5 skulle det g\u00e5 st\u00e6rkt med at komme til n\u00e6rmeste hospital. Problemet var bare at Bo ikke havde k\u00f8rekort. Men Bo m\u00e5tte pr\u00f8ve s\u00e5 godt han kunne, og s\u00e5 gik det eddermaneme st\u00e6rkt, men s\u00e5 kom Nana og s\u00e5 at Bo pr\u00f8vede at k\u00f8re bil, og s\u00e5 tog hun over og s\u00e5dan kom de alle sikkert til hospitalet, hvor far fik hj\u00e6lp og fandt ud af at det ikke var s\u00e5 slemt, men at han stadig skulle lade v\u00e6re en anden gang.&nbsp;<\/p>\n\n\n\n<p>Kapitel 9: Lufthavnen<\/p>\n\n\n\n<p>Nu er det den dag, hvor Bo og hans familie skal hjem. P\u00e5 vejen ud til lufthavnen m\u00f8dte de en trafikprop, og det var ikke godt, fordi de kunne risikere at miste deres fly. Men da de endelig kom ombord i flyet var de stille og roligt p\u00e5 vej hjem. Og det bedste var, at der var gratis cola og kiks! Men! da Bo opdagede at Ib ikke var i tasken, s\u00e5 han at det var fordi der var en atombombe, der havde sprunget et hul i bunden af tasken! en time senere fandt Bo ham.<\/p>\n\n\n\n<p>Kapitel 10:&nbsp;<\/p>\n\n\n\n<p>Hjemturen<\/p>\n\n\n\n<p>De kom hjem i god behold &#8211; snip snap snude, s\u00e5 er den fort\u00e6lling ude.<\/p>\n","protected":false},"excerpt":{"rendered":"<p>Bo og far p\u00e5 ferie Id\u00e9 til l\u00e6sebog til 1. klasse. Man skal f\u00f8rst lytte til en tekst (lydfil eller voksen der l\u00e6ser h\u00f8jt). Bagefter skal man l\u00e6se lidt selv, og s\u00e5 skal man lytte igen. Der kommer ogs\u00e5 en opgavebog. Bo er en dreng p\u00e5 7 \u00e5r, der elsker at rede sit h\u00e5r. Ib&hellip; <a class=\"more-link\" href=\"https:\/\/dansk.ninja\/index.php\/bo-og-far-paa-ferie\/\">L\u00e6s mere <span class=\"screen-reader-text\">Bo og far p\u00e5 ferie<\/span><\/a><\/p>\n","protected":false},"author":1,"featured_media":0,"parent":0,"menu_order":0,"comment_status":"closed","ping_status":"closed","template":"","meta":{"inline_featured_image":false,"footnotes":""},"class_list":["post-252","page","type-page","status-publish","hentry","entry"],"_links":{"self":[{"href":"https:\/\/dansk.ninja\/index.php\/wp-json\/wp\/v2\/pages\/252","targetHints":{"allow":["GET"]}}],"collection":[{"href":"https:\/\/dansk.ninja\/index.php\/wp-json\/wp\/v2\/pages"}],"about":[{"href":"https:\/\/dansk.ninja\/index.php\/wp-json\/wp\/v2\/types\/page"}],"author":[{"embeddable":true,"href":"https:\/\/dansk.ninja\/index.php\/wp-json\/wp\/v2\/users\/1"}],"replies":[{"embeddable":true,"href":"https:\/\/dansk.ninja\/index.php\/wp-json\/wp\/v2\/comments?post=252"}],"version-history":[{"count":1,"href":"https:\/\/dansk.ninja\/index.php\/wp-json\/wp\/v2\/pages\/252\/revisions"}],"predecessor-version":[{"id":254,"href":"https:\/\/dansk.ninja\/index.php\/wp-json\/wp\/v2\/pages\/252\/revisions\/254"}],"wp:attachment":[{"href":"https:\/\/dansk.ninja\/index.php\/wp-json\/wp\/v2\/media?parent=252"}],"curies":[{"name":"wp","href":"https:\/\/api.w.org\/{rel}","templated":true}]}}