{"id":184,"date":"2022-09-08T19:55:16","date_gmt":"2022-09-08T19:55:16","guid":{"rendered":"https:\/\/test.dansk.ninja\/?page_id=184"},"modified":"2022-11-15T12:16:54","modified_gmt":"2022-11-15T12:16:54","slug":"modal-particles","status":"publish","type":"page","link":"https:\/\/dansk.ninja\/index.php\/grammar-descriptions\/modal-particles\/","title":{"rendered":"Modal Particles"},"content":{"rendered":"\n<div class=\"wp-block-cover alignfull is-light\" style=\"min-height:332px;aspect-ratio:unset;\"><span aria-hidden=\"true\" class=\"wp-block-cover__background has-background-dim\"><\/span><img fetchpriority=\"high\" decoding=\"async\" width=\"1024\" height=\"1024\" class=\"wp-block-cover__image-background wp-image-710\" alt=\"\" src=\"https:\/\/dansk.ninja\/wp-content\/uploads\/2022\/11\/wordcloud_modal-part-2.jpg\" data-object-fit=\"cover\" srcset=\"https:\/\/dansk.ninja\/wp-content\/uploads\/2022\/11\/wordcloud_modal-part-2.jpg 1024w, https:\/\/dansk.ninja\/wp-content\/uploads\/2022\/11\/wordcloud_modal-part-2-300x300.jpg 300w, https:\/\/dansk.ninja\/wp-content\/uploads\/2022\/11\/wordcloud_modal-part-2-150x150.jpg 150w, https:\/\/dansk.ninja\/wp-content\/uploads\/2022\/11\/wordcloud_modal-part-2-768x768.jpg 768w\" sizes=\"(max-width: 1024px) 100vw, 1024px\" \/><div class=\"wp-block-cover__inner-container is-layout-flow wp-block-cover-is-layout-flow\">\n<p class=\"has-text-align-center has-large-font-size\"><\/p>\n<\/div><\/div>\n\n\n\n<p>These are little words, often barely audible in conversation, which is where you most often use them. They are used by speakers, not to communicate information about the world around us, such as nouns, adjectives and verbs do, but rather to communicate attitude and (shared) knowledge. They are unstresed, which is the reason why they are difficult to hear, they are found in the central adverb position, same as the negation \u2019ikke\u2019, and as I will show below, they can be combined to form chains of modal particles, often accompanied by \u2019ikke\u2019. You will notice in the following examples and translations, that we often can\u2019t pinpoint what word in English the modal particle translates into, and this is precisely because of their cognitive nature.<\/p>\n\n\n\n<p>Jo<\/p>\n\n\n\n<p>Let\u2019s begin with \u2019jo\u2019, which expresses the notion, that the speaker knows, or believes, that the hearer is already (or should be) familiar with the content of the utterance or agrees with its conclusion.<\/p>\n\n\n\n<p>(1)&nbsp;&nbsp;&nbsp;&nbsp;&nbsp;&nbsp;&nbsp;&nbsp;&nbsp;&nbsp;&nbsp;&nbsp;&nbsp;A:&nbsp;&nbsp;&nbsp;<em>Mor, skal jeg i skole i morgen?<\/em>&nbsp;&nbsp;&nbsp;&nbsp;&nbsp;&nbsp;&nbsp;&nbsp;&nbsp;&nbsp;&nbsp;&nbsp;&nbsp;&nbsp;&nbsp;&nbsp;&nbsp;&nbsp;&nbsp;&nbsp;&nbsp;&nbsp;&nbsp;&nbsp;&nbsp;&nbsp;&nbsp;&nbsp;&nbsp;&nbsp;&nbsp;&nbsp;<\/p>\n\n\n\n<p>&nbsp;&nbsp;&nbsp;&nbsp;&nbsp;&nbsp;&nbsp;Mom, am I going to school tomorrow?<\/p>\n\n\n\n<p>&nbsp;&nbsp;&nbsp;&nbsp;&nbsp;&nbsp;&nbsp;&nbsp;&nbsp;&nbsp;&nbsp;&nbsp;&nbsp;&nbsp;&nbsp;&nbsp;&nbsp;&nbsp;&nbsp;&nbsp;&nbsp;&nbsp;B:&nbsp;&nbsp;&nbsp;<em>Ja, det er&nbsp;<strong>jo<\/strong>&nbsp;mandag&nbsp;<\/em>&nbsp;&nbsp;&nbsp;&nbsp;&nbsp;&nbsp;&nbsp;&nbsp;&nbsp;&nbsp;&nbsp;&nbsp;&nbsp;&nbsp;&nbsp;&nbsp;&nbsp;&nbsp;&nbsp;&nbsp;&nbsp;&nbsp;&nbsp;&nbsp;&nbsp;<\/p>\n\n\n\n<p>&nbsp;&nbsp;&nbsp;&nbsp;&nbsp;&nbsp;Yes, it\u2019s Monday&nbsp;&nbsp;&nbsp;&nbsp;&nbsp;&nbsp;&nbsp;&nbsp;&nbsp;&nbsp;&nbsp;&nbsp;&nbsp;&nbsp;&nbsp;&nbsp;&nbsp;&nbsp;&nbsp;&nbsp;&nbsp;&nbsp;&nbsp;&nbsp;&nbsp;&nbsp;&nbsp;&nbsp;&nbsp;&nbsp;&nbsp;&nbsp;&nbsp;(yes, of course, it\u2019s Monday)<\/p>\n\n\n\n<p>In (1) the mother uses \u2019jo\u2019 to underscore to the child that going to school naturally follows from that day being a Monday, and further, that the child should or must already know this.<\/p>\n\n\n\n<p>As mentioned, modal particles are often used together with the negation \u2019ikke\u2019 as in (2).<\/p>\n\n\n\n<p>(2)&nbsp;&nbsp;&nbsp;A:&nbsp;&nbsp;&nbsp;&nbsp;&nbsp;&nbsp;Vil du have en ske?<\/p>\n\n\n\n<p>                  Would you like a spoon?<\/p>\n\n\n\n<p>B:&nbsp;&nbsp;&nbsp;&nbsp;&nbsp;&nbsp;        Ja selvf\u00f8lgelig, man kan&nbsp;<strong>jo<\/strong>&nbsp;ikke spise suppe med en gaffel<\/p>\n\n\n\n<p>         Yes, of course, you can\u2019t eat soup with a fork&nbsp;&nbsp;&nbsp;&nbsp;&nbsp;&nbsp;&nbsp;&nbsp;&nbsp;&nbsp;&nbsp;&nbsp;&nbsp;&nbsp;(obviously!)<\/p>\n\n\n\n<p>In this example, a patron is surprised by a waiter\u2019s question due to the obvious nonesense of it, and underscores this, not only by \u2019selvf\u00f8lgelig\u2019 but also by the use of \u2019jo ikke\u2019 which translates as \u201dobviously not\u201d.<\/p>\n\n\n\n<p>The modal particle \u2019jo\u2019 is one of the shortest and also weakest, when it comes to the way it sounds, and for that reasons, along with the fact that it is never stressed, it often amounts to nothing more than an \u2019o\u2019 when you hear it. Compare the two sentences in (3a-b) which are phonetic representations of (1B) and (2B). (disse skal kunne afspilles ved klik)<\/p>\n\n\n\n<p>(3)&nbsp;&nbsp;&nbsp;a.&nbsp;&nbsp;&nbsp;&nbsp;&nbsp;&nbsp;&nbsp;[y\u00e1 deo m\u00e1nda]<\/p>\n\n\n\n<p>b.&nbsp;&nbsp;&nbsp;&nbsp;&nbsp;&nbsp;&nbsp;[ya s\u00e6f\u00f8li man ka o \u00e9g spi:s s\u00e5be m\u00e6 n g\u00e1fl]<\/p>\n\n\n\n<p>Lige<\/p>\n\n\n\n<p>Another frequently used modal particle is \u2019lige\u2019, which indicates, that an action or event happens without effort, duration, planning or thought. Some examples are shown in (4).<\/p>\n\n\n\n<p>(4)&nbsp;&nbsp;&nbsp;a.&nbsp;&nbsp;&nbsp;&nbsp;&nbsp;&nbsp;&nbsp;Vil du&nbsp;<strong>lige<\/strong>&nbsp;hente avisen til mig?<\/p>\n\n\n\n<p>Will you (just) get the paper for me?<\/p>\n\n\n\n<p>b.&nbsp;&nbsp;&nbsp;&nbsp;&nbsp;&nbsp;&nbsp;Vil du&nbsp;<strong>lige<\/strong>&nbsp;holde min ballon mens jeg klapper?<\/p>\n\n\n\n<p>&nbsp;&nbsp;&nbsp;&nbsp;&nbsp;&nbsp;&nbsp;&nbsp;&nbsp;&nbsp;Will you hold my baloon (real quick) while I clap?<\/p>\n\n\n\n<p>c.&nbsp;&nbsp;&nbsp;&nbsp;&nbsp;&nbsp;&nbsp;Peter slettede&nbsp;<strong>lige<\/strong>&nbsp;hele min harddisk i g\u00e5r!<\/p>\n\n\n\n<p>&nbsp;&nbsp;&nbsp;&nbsp;&nbsp;&nbsp;&nbsp;&nbsp;&nbsp;&nbsp;Peter (just) deleted my entire hard disk yesterday!<\/p>\n\n\n\n<p>In (4a) the speaker is asking the listener to get his or her newspaper, and we understand from the use of \u2019lige\u2019 that this action would note require much effort nor time.<\/p>\n\n\n\n<p>In (4b) a child asks an adult to hold a balloon just for a moment because the child needs to clap along with everyone else, and this is difficult while holding a balloon. However, we know that the clapping is not expected to go on for long as indicated by the child\u2019s use of \u2019lige\u2019.<\/p>\n\n\n\n<p>In (4c) the speaker appears agitated because someone named Peter has erased the hard disk of the speaker\u2019s computer, presumably deleting important information, and the contrast between, on the one hand, the quick and effortless action of deleting and, on the other hand, the importance of the deleted contents of the hard disk, is underscored by the use of \u2019lige\u2019.<\/p>\n\n\n\n<p>Chains of modal particles<\/p>\n\n\n\n<p>As mentioned above, modal particles are very often used in combination to form chains, in which case the resulting reading is the sum of all the used parts and not a reading of each. An example illustrates this in (5).<\/p>\n\n\n\n<p>(5)&nbsp;&nbsp;&nbsp;vi kan&nbsp;<strong>jo<\/strong>&nbsp;ikke&nbsp;<strong>bare<\/strong>&nbsp;<strong>lige<\/strong>&nbsp;rykke vores bryllup en uge, fordi du skal p\u00e5 ferie til Hawai\u2019i<\/p>\n\n\n\n<p>we can\u2019t just reschedule our wedding, because you\u2019re going on vacation to Hawai\u2019i<\/p>\n\n\n\n<p>The modal particles used in (5) are \u2019jo\u2019, \u2019bare\u2019 and \u2019lige\u2019 combined with the negation \u2019ikke\u2019. Together they convey the meaning \u2019as you should know, we can\u2019t just reschedule, without great effort and great inconvenience to everyone, and for the sake of your insignificant vacation plans\u2019. It is the use of \u2019jo\u2019 which adds the meaning \u2019as you should know\u2019, while \u2019bare\u2019 means both \u2019just\u2019 while also combining with \u2019lige\u2019 to add the \u2019without effort\u2019 and also the notion of the vacation plans being insignificant. So, because of the context, the meaning of \u2019bare lige\u2019 carries over into the next sentence, indicating that the going on vacation to Hawai\u2019i is not important enough a reason to reschedule the wedding.<\/p>\n\n\n\n<figure class=\"wp-block-table\"><table><tbody><tr><td>Modal particle<\/td><td>Meaning<\/td><td>&nbsp;<\/td><td>&nbsp;<\/td><\/tr><tr><td>Jo<\/td><td>as you should knowas is evidentas we both know<\/td><td>Da<\/td><td>as you should knowas is evidentas we both knowcontrary to what you\u2019re saying<\/td><\/tr><tr><td>Bare<\/td><td>Without further efforts needed<\/td><td>Dog<\/td><td>Despite and contrary to what was just said<\/td><\/tr><tr><td>Lige<\/td><td>Quickly, briefly, effortlessly, just like that<\/td><td>S\u00e5<\/td><td>As a consequence of the previous<\/td><\/tr><tr><td>Nu<\/td><td>Contrary to what was stated or thought<\/td><td>Vel<\/td><td>Presumably, supposedly<\/td><\/tr><tr><td>Alts\u00e5<\/td><td>Contrary to what one might assume<\/td><td>Vist<\/td><td>Probably<\/td><\/tr><tr><td>Ogs\u00e5<\/td><td>In accordance with what was stated previously confirming it<\/td><td>Ellers<\/td><td>Normally, as previously foreseen or predicted<\/td><\/tr><tr><td>S\u00e5dan<\/td><td>Like that, in a certain way which is difficult to pinpoint<\/td><td>Engang<\/td><td>Once, not even (ikke engang)<\/td><\/tr><tr><td>Sgu<\/td><td>Emphasis, conviction<\/td><td>Skam<\/td><td>As a matter of fact<\/td><\/tr><\/tbody><\/table><\/figure>\n","protected":false},"excerpt":{"rendered":"<p>These are little words, often barely audible in conversation, which is where you most often use them. They are used by speakers, not to communicate information about the world around us, such as nouns, adjectives and verbs do, but rather to communicate attitude and (shared) knowledge. They are unstresed, which is the reason why they&hellip; <a class=\"more-link\" href=\"https:\/\/dansk.ninja\/index.php\/grammar-descriptions\/modal-particles\/\">L\u00e6s mere <span class=\"screen-reader-text\">Modal Particles<\/span><\/a><\/p>\n","protected":false},"author":1,"featured_media":0,"parent":148,"menu_order":0,"comment_status":"closed","ping_status":"closed","template":"","meta":{"inline_featured_image":false,"footnotes":""},"class_list":["post-184","page","type-page","status-publish","hentry","entry"],"_links":{"self":[{"href":"https:\/\/dansk.ninja\/index.php\/wp-json\/wp\/v2\/pages\/184","targetHints":{"allow":["GET"]}}],"collection":[{"href":"https:\/\/dansk.ninja\/index.php\/wp-json\/wp\/v2\/pages"}],"about":[{"href":"https:\/\/dansk.ninja\/index.php\/wp-json\/wp\/v2\/types\/page"}],"author":[{"embeddable":true,"href":"https:\/\/dansk.ninja\/index.php\/wp-json\/wp\/v2\/users\/1"}],"replies":[{"embeddable":true,"href":"https:\/\/dansk.ninja\/index.php\/wp-json\/wp\/v2\/comments?post=184"}],"version-history":[{"count":6,"href":"https:\/\/dansk.ninja\/index.php\/wp-json\/wp\/v2\/pages\/184\/revisions"}],"predecessor-version":[{"id":711,"href":"https:\/\/dansk.ninja\/index.php\/wp-json\/wp\/v2\/pages\/184\/revisions\/711"}],"up":[{"embeddable":true,"href":"https:\/\/dansk.ninja\/index.php\/wp-json\/wp\/v2\/pages\/148"}],"wp:attachment":[{"href":"https:\/\/dansk.ninja\/index.php\/wp-json\/wp\/v2\/media?parent=184"}],"curies":[{"name":"wp","href":"https:\/\/api.w.org\/{rel}","templated":true}]}}